{"id":172,"date":"2019-04-04T20:28:06","date_gmt":"2019-04-04T20:28:06","guid":{"rendered":"http:\/\/www.owneverypiece.com\/?page_id=172"},"modified":"2020-02-11T18:15:52","modified_gmt":"2020-02-11T18:15:52","slug":"the-shot","status":"publish","type":"page","link":"https:\/\/www.owneverypiece.com\/es\/birth-control-options\/the-shot\/","title":{"rendered":"La inyecci\u00f3n"},"content":{"rendered":"<section class=\"l-section wpb_row height_medium\"><div class=\"l-section-h i-cf\"><div class=\"g-cols vc_row type_default valign_top\"><div class=\"vc_col-sm-7 wpb_column vc_column_container bc-image-col\"><div class=\"vc_column-inner\"><div class=\"wpb_wrapper\">\n\t<div class=\"wpb_raw_code wpb_content_element wpb_raw_html bc-thumbnails\" >\n\t\t<div class=\"wpb_wrapper\">\n\t\t\t<img decoding=\"async\" src=\"\/wp-content\/uploads\/2019\/04\/TheShot.jpg\">\n\t\t<\/div>\n\t<\/div>\n\n\t<div class=\"wpb_raw_code wpb_content_element wpb_raw_html bc-main-image\" >\n\t\t<div class=\"wpb_wrapper\">\n\t\t\t\n\t\t<\/div>\n\t<\/div>\n<\/div><\/div><\/div><div class=\"vc_col-sm-5 wpb_column vc_column_container\"><div class=\"vc_column-inner\"><div class=\"wpb_wrapper\"><div class=\"wpb_text_column bc-info\" ><div class=\"wpb_wrapper\"><h1>La inyecci\u00f3n<\/h1>\n<p class=\"sm\">Una inyecci\u00f3n r\u00e1pida y f\u00e1cil sin estr\u00f3genos que funciona por 3 meses y evita que tus ovarios liberen \u00f3vulos.<\/p>\n<h3 class=\"quote-2 pink\">\u201cCreo que es maravilloso para las mujeres que simplemente no pueden recordar tomar los anticonceptivos todos los d\u00edas\u201d.<span class=\"quote-by\">\u2013Brenna<\/span><\/h3>\n<p><a class=\"button gradient-3\" href=\"https:\/\/www.owneverypiece.com\/es\/find-a-clinic\/\">Obtenlo<\/a><\/p>\n<\/div><\/div><\/div><\/div><\/div><\/div><\/div><\/section><section class=\"l-section wpb_row height_medium video-row\"><div class=\"l-section-h i-cf\"><div class=\"g-cols vc_row type_default valign_top\"><div class=\"vc_col-sm-12 wpb_column vc_column_container\"><div class=\"vc_column-inner\"><div class=\"wpb_wrapper\"><div class=\"wpb_text_column video-wrapper\" ><div class=\"wpb_wrapper\"><p><iframe loading=\"lazy\" src=\"https:\/\/www.youtube.com\/embed\/gZj3tieO8vM\" width=\"560\" height=\"315\" frameborder=\"0\" allowfullscreen=\"allowfullscreen\"><\/iframe><\/p>\n<\/div><\/div><\/div><\/div><\/div><\/div><\/div><\/section><section class=\"l-section wpb_row height_medium bedsider-cta\"><div class=\"l-section-h i-cf\"><div class=\"g-cols vc_row type_default valign_top\"><div class=\"vc_col-sm-12 wpb_column vc_column_container\"><div class=\"vc_column-inner\"><div class=\"wpb_wrapper\"><div class=\"wpb_text_column center\" ><div class=\"wpb_wrapper\"><h1 class=\"sm purple\">\u00bfTODAV\u00cdA NO DECIDES?<\/h1>\n<h2>Encuentra m\u00e1s informaci\u00f3n sobre todos los m\u00e9todos anticonceptivos.<\/h2>\n<p><a class=\"button mg-top\" href=\"https:\/\/www.bedsider.org\/methods\" target=\"_blank\" rel=\"noopener noreferrer\">Visita Bedsider.org<\/a><\/p>\n<\/div><\/div><\/div><\/div><\/div><\/div><\/div><\/section>","protected":false},"excerpt":{"rendered":"The Shot An estrogen-free, quick and easy shot that works for 3 months and keeps your ovaries from releasing eggs. &#8220;I just love not having to think about birth control for 3 months at a time. But when I&#8217;m ready to have a baby, I can start trying pretty quickly. It&#8217;s perfect for where I...","protected":false},"author":2,"featured_media":0,"parent":16,"menu_order":0,"comment_status":"closed","ping_status":"closed","template":"","meta":{"footnotes":""},"class_list":["post-172","page","type-page","status-publish","hentry"],"yoast_head":"<!-- This site is optimized with the Yoast SEO plugin v20.2.1 - https:\/\/yoast.com\/wordpress\/plugins\/seo\/ -->\n<title>The Shot - Own Every Piece<\/title>\n<meta name=\"description\" content=\"The shot is an effective, simple solution for managing your birth control. Hear stories from women about their experiences with the shot.\" \/>\n<meta name=\"robots\" content=\"index, follow, max-snippet:-1, max-image-preview:large, max-video-preview:-1\" \/>\n<link rel=\"canonical\" href=\"https:\/\/www.owneverypiece.com\/es\/birth-control-options\/the-shot\/\" \/>\n<meta property=\"og:locale\" content=\"es_MX\" \/>\n<meta property=\"og:type\" content=\"article\" \/>\n<meta property=\"og:title\" content=\"The Shot - Own Every Piece\" \/>\n<meta property=\"og:description\" content=\"The shot is an effective, simple solution for managing your birth control. Hear stories from women about their experiences with the shot.\" \/>\n<meta property=\"og:url\" content=\"https:\/\/www.owneverypiece.com\/es\/birth-control-options\/the-shot\/\" \/>\n<meta property=\"og:site_name\" content=\"Own Every Piece\" \/>\n<meta property=\"article:modified_time\" content=\"2020-02-11T18:15:52+00:00\" \/>\n<meta property=\"og:image\" content=\"https:\/\/www.owneverypiece.com\/wp-content\/uploads\/2019\/04\/og-img-own-every-piece-social.jpg\" \/>\n\t<meta property=\"og:image:width\" content=\"1200\" \/>\n\t<meta property=\"og:image:height\" content=\"630\" \/>\n\t<meta property=\"og:image:type\" content=\"image\/jpeg\" \/>\n<meta name=\"twitter:card\" content=\"summary_large_image\" \/>\n<meta name=\"twitter:label1\" content=\"Tiempo de lectura\" \/>\n\t<meta name=\"twitter:data1\" content=\"1 minuto\" \/>\n<script type=\"application\/ld+json\" class=\"yoast-schema-graph\">{\"@context\":\"https:\/\/schema.org\",\"@graph\":[{\"@type\":\"WebPage\",\"@id\":\"https:\/\/www.owneverypiece.com\/es\/birth-control-options\/the-shot\/\",\"url\":\"https:\/\/www.owneverypiece.com\/es\/birth-control-options\/the-shot\/\",\"name\":\"The Shot - Own Every Piece\",\"isPartOf\":{\"@id\":\"https:\/\/www.owneverypiece.com\/#website\"},\"datePublished\":\"2019-04-04T20:28:06+00:00\",\"dateModified\":\"2020-02-11T18:15:52+00:00\",\"description\":\"The shot is an effective, simple solution for managing your birth control. Hear stories from women about their experiences with the shot.\",\"breadcrumb\":{\"@id\":\"https:\/\/www.owneverypiece.com\/es\/birth-control-options\/the-shot\/#breadcrumb\"},\"inLanguage\":\"es-MX\",\"potentialAction\":[{\"@type\":\"ReadAction\",\"target\":[\"https:\/\/www.owneverypiece.com\/es\/birth-control-options\/the-shot\/\"]}]},{\"@type\":\"BreadcrumbList\",\"@id\":\"https:\/\/www.owneverypiece.com\/es\/birth-control-options\/the-shot\/#breadcrumb\",\"itemListElement\":[{\"@type\":\"ListItem\",\"position\":1,\"name\":\"Home\",\"item\":\"https:\/\/www.owneverypiece.com\/\"},{\"@type\":\"ListItem\",\"position\":2,\"name\":\"Options\",\"item\":\"https:\/\/www.owneverypiece.com\/birth-control-options\/\"},{\"@type\":\"ListItem\",\"position\":3,\"name\":\"The Shot\"}]},{\"@type\":\"WebSite\",\"@id\":\"https:\/\/www.owneverypiece.com\/#website\",\"url\":\"https:\/\/www.owneverypiece.com\/\",\"name\":\"Own Every Piece\",\"description\":\"\",\"potentialAction\":[{\"@type\":\"SearchAction\",\"target\":{\"@type\":\"EntryPoint\",\"urlTemplate\":\"https:\/\/www.owneverypiece.com\/?s={search_term_string}\"},\"query-input\":\"required name=search_term_string\"}],\"inLanguage\":\"es-MX\"}]}<\/script>\n<!-- \/ Yoast SEO plugin. -->","yoast_head_json":{"title":"The Shot - Own Every Piece","description":"The shot is an effective, simple solution for managing your birth control. Hear stories from women about their experiences with the shot.","robots":{"index":"index","follow":"follow","max-snippet":"max-snippet:-1","max-image-preview":"max-image-preview:large","max-video-preview":"max-video-preview:-1"},"canonical":"https:\/\/www.owneverypiece.com\/es\/birth-control-options\/the-shot\/","og_locale":"es_MX","og_type":"article","og_title":"The Shot - Own Every Piece","og_description":"The shot is an effective, simple solution for managing your birth control. Hear stories from women about their experiences with the shot.","og_url":"https:\/\/www.owneverypiece.com\/es\/birth-control-options\/the-shot\/","og_site_name":"Own Every Piece","article_modified_time":"2020-02-11T18:15:52+00:00","og_image":[{"width":1200,"height":630,"url":"https:\/\/www.owneverypiece.com\/wp-content\/uploads\/2019\/04\/og-img-own-every-piece-social.jpg","type":"image\/jpeg"}],"twitter_card":"summary_large_image","twitter_misc":{"Tiempo de lectura":"1 minuto"},"schema":{"@context":"https:\/\/schema.org","@graph":[{"@type":"WebPage","@id":"https:\/\/www.owneverypiece.com\/es\/birth-control-options\/the-shot\/","url":"https:\/\/www.owneverypiece.com\/es\/birth-control-options\/the-shot\/","name":"The Shot - Own Every Piece","isPartOf":{"@id":"https:\/\/www.owneverypiece.com\/#website"},"datePublished":"2019-04-04T20:28:06+00:00","dateModified":"2020-02-11T18:15:52+00:00","description":"The shot is an effective, simple solution for managing your birth control. Hear stories from women about their experiences with the shot.","breadcrumb":{"@id":"https:\/\/www.owneverypiece.com\/es\/birth-control-options\/the-shot\/#breadcrumb"},"inLanguage":"es-MX","potentialAction":[{"@type":"ReadAction","target":["https:\/\/www.owneverypiece.com\/es\/birth-control-options\/the-shot\/"]}]},{"@type":"BreadcrumbList","@id":"https:\/\/www.owneverypiece.com\/es\/birth-control-options\/the-shot\/#breadcrumb","itemListElement":[{"@type":"ListItem","position":1,"name":"Home","item":"https:\/\/www.owneverypiece.com\/"},{"@type":"ListItem","position":2,"name":"Options","item":"https:\/\/www.owneverypiece.com\/birth-control-options\/"},{"@type":"ListItem","position":3,"name":"The Shot"}]},{"@type":"WebSite","@id":"https:\/\/www.owneverypiece.com\/#website","url":"https:\/\/www.owneverypiece.com\/","name":"Own Every Piece","description":"","potentialAction":[{"@type":"SearchAction","target":{"@type":"EntryPoint","urlTemplate":"https:\/\/www.owneverypiece.com\/?s={search_term_string}"},"query-input":"required name=search_term_string"}],"inLanguage":"es-MX"}]}},"_links":{"self":[{"href":"https:\/\/www.owneverypiece.com\/es\/wp-json\/wp\/v2\/pages\/172","targetHints":{"allow":["GET"]}}],"collection":[{"href":"https:\/\/www.owneverypiece.com\/es\/wp-json\/wp\/v2\/pages"}],"about":[{"href":"https:\/\/www.owneverypiece.com\/es\/wp-json\/wp\/v2\/types\/page"}],"author":[{"embeddable":true,"href":"https:\/\/www.owneverypiece.com\/es\/wp-json\/wp\/v2\/users\/2"}],"replies":[{"embeddable":true,"href":"https:\/\/www.owneverypiece.com\/es\/wp-json\/wp\/v2\/comments?post=172"}],"version-history":[{"count":0,"href":"https:\/\/www.owneverypiece.com\/es\/wp-json\/wp\/v2\/pages\/172\/revisions"}],"up":[{"embeddable":true,"href":"https:\/\/www.owneverypiece.com\/es\/wp-json\/wp\/v2\/pages\/16"}],"wp:attachment":[{"href":"https:\/\/www.owneverypiece.com\/es\/wp-json\/wp\/v2\/media?parent=172"}],"curies":[{"name":"wp","href":"https:\/\/api.w.org\/{rel}","templated":true}]}}