{"id":609,"date":"2021-02-14T04:43:37","date_gmt":"2021-02-14T04:43:37","guid":{"rendered":"http:\/\/www.owneverypiece.com\/?page_id=609"},"modified":"2023-04-17T16:13:29","modified_gmt":"2023-04-17T16:13:29","slug":"our-work","status":"publish","type":"page","link":"https:\/\/www.owneverypiece.com\/es\/our-work\/","title":{"rendered":"Our Work"},"content":{"rendered":"<section class=\"l-section wpb_row us_custom_37ecb42f height_medium pink-bg\" id=\"work-hero\"><div class=\"l-section-h i-cf\"><div class=\"g-cols vc_row type_default valign_top\"><div class=\"vc_col-sm-12 wpb_column vc_column_container\"><div class=\"vc_column-inner\"><div class=\"wpb_wrapper\"><div class=\"wpb_text_column center center-aligned md\" ><div class=\"wpb_wrapper\"><h1 class=\"special white\">Our Work<\/h1>\n<\/div><\/div><div class=\"wpb_text_column center center-aligned\" id=\"intro-text\"><div class=\"wpb_wrapper\"><h2 class=\"dotted\">Building a movement by women, for women.<\/h2>\n<p>The Own Every Piece campaign has created opportunities for women to share their stories online and offline, and access honest information about birth control. Our work has improved the lives of women in Houston, creating a safe and judgment-free space for informed conversations that support the whole community.<\/p>\n<p>Through our work, we were able to reach over 3 million women in the Houston area. By connecting them with clinic partners all over the city, they received empathetic care and birth control options as they navigated their sexual health journeys. Want to know more about our impact?<\/p>\n<p><a class=\"button\" href=\"\/wp-content\/uploads\/2022\/04\/OEP_Impact_Report_Online.pdf\" target=\"_blank\" rel=\"noopener\"> Download the impact report<\/a><\/p>\n<h2><b>Houston Women&#8217;s Experiences and Views on Contraception and Reproductive Health Care<\/b><\/h2>\n<h3><b>Findings from the Houston Experiences in Reproductive (HER) Health Survey<\/b><\/h3>\n<p class=\"p1\">The Own Every Piece team is comprised of researchers at the University of Texas Health Science Center at Houston in the School of Public Health (UTHealth) who sought to understand the challenges women under 45 in the area face in accessing contraception, the normative influence of family and friends in contraception use, experiences of discrimination in seeking care, and how women find contraception information. UTHealth, partnered with SSRS, a non-partisan research firm, to conduct a representative survey of Harris County women under age 45 to better understand these issues. Anyone ages 18 to 44 currently living in Harris County and identifying as a woman or reporting that they were able to become pregnant was eligible to participate in the survey. This report details the main findings of the survey.<\/p>\n<p><a class=\"button\" href=\"\/wp-content\/uploads\/2023\/04\/HOUSTON-WOMENS-EXPERIENCE-WITH-CONTRACEPTION_2022-1.pdf\" target=\"_blank\" rel=\"noopener\"> Download the full report<\/a><\/p>\n<\/div><\/div><\/div><\/div><\/div><\/div><\/div><\/section><section class=\"l-section wpb_row height_medium center-aligned\" id=\"team-intro\"><div class=\"l-section-h i-cf\"><div class=\"g-cols vc_row type_default valign_top\"><div class=\"vc_col-sm-6 wpb_column vc_column_container\"><div class=\"vc_column-inner\"><div class=\"wpb_wrapper\"><div class=\"wpb_text_column\" ><div class=\"wpb_wrapper\"><h1 class=\"special purple\">Our<br \/>\nTeam<\/h1>\n<\/div><\/div><\/div><\/div><\/div><div class=\"vc_col-sm-6 wpb_column vc_column_container\"><div class=\"vc_column-inner\"><div class=\"wpb_wrapper\"><div class=\"wpb_text_column\" ><div class=\"wpb_wrapper\"><p><span class=\"thread-007087533310719059525029 author-d-1gg9uz65z1iz85zgdz68zmqkz84zo2qoxvz75zpihz122zbz69zz74zv5z74zz73ztz78zoaz87zz88zez69zrdz78zxjz68zqifz77z\">Saluda a las mujeres de la campana <\/span><span class=\"thread-007087533310719059525029 author-d-1gg9uz65z1iz85zgdz68zmqkz84zo2qovwiz73zz66zsz122zo7fqz65zbz84zz72zniz65zz86zgz86zz81zz73zz68zkpcz72zz75zz68zz65zz77z\">Se Due\u00f1a de tu Ser (Own Every Piece) de la Escuela de Salud P\u00fablica de UTHealth<\/span><span class=\"thread-007087533310719059525029 author-d-1gg9uz65z1iz85zgdz68zmqkz84zo2qoxvz75zpihz122zbz69zz74zv5z74zz73ztz78zoaz87zz88zez69zrdz78zxjz68zqifz77z\">. <\/span><span class=\"thread-007087533310719059525029 author-d-1gg9uz65z1iz85zgdz68zmqkz84zo2qovwiz73zz66zsz122zo7fqz65zbz84zz72zniz65zz86zgz86zz81zz73zz68zkpcz72zz75zz68zz65zz77z\">Somos investigadoras, defensoras, educadores, expertos de salud p\u00fablica, y profesionistas de comunicaciones que han reunido para lograr nuestra pasi\u00f3n \u2013 cambiando la conversaci\u00f3n de anticonceptivos y asegurando que las mujeres de Houston tienen acceso a la salud reproductiva que necesitamos y merecemos. Algunas han trabajado en esta ocupaci\u00f3n desde el principio de los anticonceptivos, algunas unieron este esfuerzo solo anos antier. Combinado, tenemos d\u00e9cadas de experiencia \u2013 significa que hemos visto <\/span><span class=\"thread-007087533310719059525029 author-d-1gg9uz65z1iz85zgdz68zmqkz84zo2qovwiz73zz66zsz122zo7fqz65zbz84zz72zniz65zz86zgz86zz81zz73zz68zkpcz72zz75zz68zz65zz77z\"><b>todo<\/b><\/span><span class=\"thread-007087533310719059525029 author-d-1gg9uz65z1iz85zgdz68zmqkz84zo2qovwiz73zz66zsz122zo7fqz65zbz84zz72zniz65zz86zgz86zz81zz73zz68zkpcz72zz75zz68zz65zz77z\"><i>.<\/i><\/span><span class=\"thread-007087533310719059525029 author-d-1gg9uz65z1iz85zgdz68zmqkz84zo2qovwiz73zz66zsz122zo7fqz65zbz84zz72zniz65zz86zgz86zz81zz73zz68zkpcz72zz75zz68zz65zz77z\"> Estamos aqu\u00ed para apoyar cada mujer en nuestra comunidad en su trayecto en buscando el anticonceptivo que trabaja para ella, cuando el tiempo esta apropiado. Aprende m\u00e1s de nosotros abajo.<\/span><\/p>\n<\/div><\/div><\/div><\/div><\/div><\/div><\/div><\/section><section class=\"l-section wpb_row height_medium\" id=\"about-team\"><div class=\"l-section-h i-cf\"><div class=\"g-cols vc_row type_default valign_top\"><div class=\"vc_col-sm-12 wpb_column vc_column_container\"><div class=\"vc_column-inner\"><div class=\"wpb_wrapper\"><div class=\"g-cols wpb_row  type_default valign_top vc_inner\"><div class=\"vc_col-sm-8 wpb_column vc_column_container text-col\"><div class=\"vc_column-inner\"><div class=\"wpb_wrapper\"><div class=\"wpb_text_column bio-textbox\" ><div class=\"wpb_wrapper\"><h2>Kim Baker, DrPH<\/h2>\n<p><span data-contrast=\"none\">Kim is a woman of many talents and roles\u2014a Principal Investigator, Assistant Professor, and Assistant Dean of Practice. A leader in the sexual health space,\u202f<\/span><a href=\"https:\/\/www.houstonchronicle.com\/lifestyle\/renew-houston\/health\/article\/How-to-keep-your-sexual-health-in-check-during-15233806.php\"><span data-contrast=\"none\">ha apoyado por a la accesibilidad<\/span><\/a><span data-contrast=\"none\">y equidad. Cuando no est\u00e1 abogando por la salud reproductivo, es una voz principal en la justicia racial y puede estar vista<\/span><a href=\"https:\/\/www.facebook.com\/watch\/?v=775662459853469\"><span data-contrast=\"none\">en el panel de injusticia del COVID-19<\/span><\/a><span data-contrast=\"none\">con el alcalde<\/span><a href=\"https:\/\/www.houstontx.gov\/mayor\/\"><span data-contrast=\"none\">Sylvester Turner.<\/span><\/a><span data-contrast=\"none\">De dirigiendo equipos dedicados a avanzar la salud reproductiva, de ense\u00f1ar estudiantes graduados, y entrenar estudiantes la pr\u00e1ctica de salud p\u00fablica, lo hace todo y con gracia, una visi\u00f3n firme y fortaleza.<\/span><span data-ccp-props=\"{}\">\u00a0<\/span><\/p>\n<p>Cuando no est\u00e1 haciendo las cosas mencionadas, est\u00e1 ayudando sus hijos con la tarea de pre k\u00ednder y proyectos de escuela primaria o viendo el \u00faltimo cap\u00edtulo de<i>Love After Lockup.\u202f<\/i>\u00a1Nos encanta un gusto culposo!<\/p>\n<\/div><\/div><div class=\"wpb_text_column quote-textbox\" ><div class=\"wpb_wrapper\"><p>Espero que el futuro de salud reproductiva significa una mujer siente valerosa y respetada despu\u00e9s de cada conversaci\u00f3n con una profesionista de salud y con cada examen Papanicolaou, embarazo, y ITS (infecci\u00f3n de transmisi\u00f3n sexual).<\/p>\n<\/div><\/div><\/div><\/div><\/div><div class=\"vc_col-sm-4 wpb_column vc_column_container img-col\"><div class=\"vc_column-inner\"><div class=\"wpb_wrapper\"><div class=\"w-image align_none\"><div class=\"w-image-h\"><img loading=\"lazy\" decoding=\"async\" width=\"1536\" height=\"2304\" src=\"https:\/\/www.owneverypiece.com\/wp-content\/uploads\/2021\/03\/Kim.jpg\" class=\"attachment-full size-full\" alt=\"\" srcset=\"https:\/\/www.owneverypiece.com\/wp-content\/uploads\/2021\/03\/Kim.jpg 1536w, https:\/\/www.owneverypiece.com\/wp-content\/uploads\/2021\/03\/Kim-200x300.jpg 200w, https:\/\/www.owneverypiece.com\/wp-content\/uploads\/2021\/03\/Kim-683x1024.jpg 683w\" sizes=\"auto, (max-width: 1536px) 100vw, 1536px\" \/><\/div><\/div>\n\t<div class=\"wpb_raw_code wpb_content_element wpb_raw_html team-socials-wrapper\" >\n\t\t<div class=\"wpb_wrapper\">\n\t\t\t<a href=\"https:\/\/www.linkedin.com\/in\/kim-baker-43111b7\/\" target=\"_blank\"><i class=\"fab fa-linkedin-in\"><\/i><\/a>\n\n<a href=\"https:\/\/twitter.com\/ProfKimBaker\" target=\"_blank\"><i class=\"fab fa-twitter\" aria-hidden=\"true\"><\/i><\/a>\n\t\t<\/div>\n\t<\/div>\n<\/div><\/div><\/div><\/div><div class=\"g-cols wpb_row  type_default valign_top vc_inner\"><div class=\"vc_col-sm-8 wpb_column vc_column_container text-col\"><div class=\"vc_column-inner\"><div class=\"wpb_wrapper\"><div class=\"wpb_text_column bio-textbox\" ><div class=\"wpb_wrapper\"><h2>Susan Tortolero Emery, PhD, CPH<\/h2>\n<p>Trabajando como la Decana Asociada Mayor de Escuela de Salud P\u00fablica de UTHealth y profesora de ciencias conductual y epidemiolog\u00eda, Susan ha estado en el<a href=\"https:\/\/sph.uth.edu\/research\/centers\/chppr\/people\/profile.htm?id=739c3803-953e-4e42-8207-7f4af2bee8fe\" target=\"_blank\" rel=\"noopener\" data-saferedirecturl=\"https:\/\/www.google.com\/url?q=https:\/\/sph.uth.edu\/research\/centers\/chppr\/people\/profile.htm?id%3D739c3803-953e-4e42-8207-7f4af2bee8fe&amp;source=gmail&amp;ust=1615491827418000&amp;usg=AFQjCNG_D0Fi7D_cAfaq_A6fAlSUnnBoVw\">primer plano de prevenci\u00f3n<\/a>primaria por mas de 35 a\u00f1os. Ella usa su investigaci\u00f3n para efectivamente alcanzar populaciones diversas, ha recibido fondos de organizaciones importantes como la<a href=\"https:\/\/www.nih.gov\/\" target=\"_blank\" rel=\"noopener\" data-saferedirecturl=\"https:\/\/www.google.com\/url?q=https:\/\/www.nih.gov\/&amp;source=gmail&amp;ust=1615491827418000&amp;usg=AFQjCNHHuenfvlAvulZx8X5OKn34slO5XQ\">Instituci\u00f3n Nacional de Salud (National Institutes of Health)<\/a>y el<a href=\"https:\/\/www.cdc.gov\/\" target=\"_blank\" rel=\"noopener\" data-saferedirecturl=\"https:\/\/www.google.com\/url?q=https:\/\/www.cdc.gov\/&amp;source=gmail&amp;ust=1615491827418000&amp;usg=AFQjCNG36bNY9DAakhntcFcRF8w4djugtA\">Centros para el Control y la Prevenci\u00f3n de Enfermedades (CDC)<\/a>y ha continuado la discusi\u00f3n p\u00fablica sobre la<a href=\"https:\/\/www.instagram.com\/p\/BE9dSc5TcKo\/?utm_source=ig_web_copy_link\" target=\"_blank\" rel=\"noopener\" data-saferedirecturl=\"https:\/\/www.google.com\/url?q=https:\/\/www.instagram.com\/p\/BE9dSc5TcKo\/?utm_source%3Dig_web_copy_link&amp;source=gmail&amp;ust=1615491827418000&amp;usg=AFQjCNELnSq6SHgjxfV77JvvbPGCtdagIw\">salud en populaciones Afroamericanos y Hispanos.<\/a>Con pasi\u00f3n respalda de todo que hace, Susan siempre ha priorizado calidad y equidad en el espacio salud reproductiva, cambiando las vidas de mujeres por el mejor.<\/p>\n<\/div><\/div><div class=\"wpb_text_column quote-textbox\" ><div class=\"wpb_wrapper\"><p><span class=\"TextRun SCXW214362538 BCX0\" lang=\"EN-US\" xml:lang=\"EN-US\" data-contrast=\"none\"><span class=\"NormalTextRun SCXW214362538 BCX0\">Trabajo <\/span><\/span><span class=\"TextRun SCXW214362538 BCX0\" lang=\"EN-US\" xml:lang=\"EN-US\" data-contrast=\"none\"><span class=\"ContextualSpellingAndGrammarError SCXW214362538 BCX0\">cada d\u00eda<\/span><\/span><span class=\"TextRun SCXW214362538 BCX0\" lang=\"EN-US\" xml:lang=\"EN-US\" data-contrast=\"none\"><span class=\"NormalTextRun SCXW214362538 BCX0\"> con la meta de impactar la salud, educaci\u00f3n y calidad de la vida para los j\u00f3venes.<\/span><\/span><\/p>\n<\/div><\/div><\/div><\/div><\/div><div class=\"vc_col-sm-4 wpb_column vc_column_container img-col\"><div class=\"vc_column-inner\"><div class=\"wpb_wrapper\"><div class=\"w-image align_none\"><div class=\"w-image-h\"><img loading=\"lazy\" decoding=\"async\" width=\"1536\" height=\"2304\" src=\"https:\/\/www.owneverypiece.com\/wp-content\/uploads\/2021\/03\/Susan.jpg\" class=\"attachment-full size-full\" alt=\"\" srcset=\"https:\/\/www.owneverypiece.com\/wp-content\/uploads\/2021\/03\/Susan.jpg 1536w, https:\/\/www.owneverypiece.com\/wp-content\/uploads\/2021\/03\/Susan-200x300.jpg 200w, https:\/\/www.owneverypiece.com\/wp-content\/uploads\/2021\/03\/Susan-683x1024.jpg 683w\" sizes=\"auto, (max-width: 1536px) 100vw, 1536px\" \/><\/div><\/div>\n\t<div class=\"wpb_raw_code wpb_content_element wpb_raw_html team-socials-wrapper\" >\n\t\t<div class=\"wpb_wrapper\">\n\t\t\t<a href=\"https:\/\/www.linkedin.com\/public-profile\/in\/susan-tortolero-emery-a97b4a10?challengeId=AQHoxHm2VhTEbQAAAXeNuFvs_BPtoLaDDfQK9lnkfDEiKLYtbwMRJNaKJ2zqVemZVh6m7oEJstmY4hXP9wbAWIDg-J5TaqM4dQ&submissionId=2479bb49-3a7e-6216-2116-e27db5f4eb51\" target=\"_blank\"><i class=\"fab fa-linkedin-in\"><\/i><\/a>\n\t\t<\/div>\n\t<\/div>\n<\/div><\/div><\/div><\/div><div class=\"g-cols wpb_row  type_default valign_top vc_inner\"><div class=\"vc_col-sm-8 wpb_column vc_column_container text-col\"><div class=\"vc_column-inner\"><div class=\"wpb_wrapper\"><div class=\"wpb_text_column bio-textbox\" ><div class=\"wpb_wrapper\"><h2>Bri Lewis, MHCA<\/h2>\n<p><span class=\"TextRun SCXW115268785 BCX0\" lang=\"EN-US\" xml:lang=\"EN-US\" data-contrast=\"auto\"><span class=\"NormalTextRun SCXW115268785 BCX0\">As Project Specialist, dog mom and the ultimate team player\u2014<\/span><\/span><span class=\"TextRun SCXW115268785 BCX0\" lang=\"EN-US\" xml:lang=\"EN-US\" data-contrast=\"auto\"><span class=\"NormalTextRun SCXW115268785 BCX0\">Bri<\/span><\/span><span class=\"TextRun SCXW115268785 BCX0\" lang=\"EN-US\" xml:lang=\"EN-US\" data-contrast=\"auto\"><span class=\"NormalTextRun SCXW115268785 BCX0\"> is devoted to the simple fact that \u201cWomen deserve the very best. Period!\u201d She thoughtfully leads processes so that programming, insights, and data can be implemented, evaluated, and reported to the community and her team. From presenting to the American Public Health Association to developing an internship program at Texas Southern University through Own Every Piece, <\/span><\/span><span class=\"TextRun SCXW115268785 BCX0\" lang=\"EN-US\" xml:lang=\"EN-US\" data-contrast=\"auto\"><span class=\"NormalTextRun SCXW115268785 BCX0\">Bri<\/span><\/span><span class=\"TextRun SCXW115268785 BCX0\" lang=\"EN-US\" xml:lang=\"EN-US\" data-contrast=\"auto\"><span class=\"NormalTextRun SCXW115268785 BCX0\">\u00a0constantemente trabaja hacer su visi\u00f3n una realidad\u2014un mundo donde innovaci\u00f3n y recursos accesibles en el espacio de reproductiva salud para mujeres siempre est\u00e1 en el primer plano.<\/span><\/span><span class=\"EOP SCXW115268785 BCX0\" data-ccp-props=\"{}\">\u00a0<\/span><\/p>\n<p><span data-contrast=\"auto\">En los fines de semanas,\u00a0<\/span><span data-contrast=\"auto\">Bri<\/span><span data-contrast=\"auto\"> spends time working on her dissertation, blogging, creating online content, and cuddling with her Maltese, \u201cLewi-V.\u201d<\/span><span data-ccp-props=\"{}\">\u00a0<\/span><span data-ccp-props=\"{}\">\u00a0<\/span><\/p>\n<\/div><\/div><div class=\"wpb_text_column quote-textbox\" ><div class=\"wpb_wrapper\"><p>Las mujeres no deben de sentir que los anticonceptivos son inaccesibles. Espero ver cambios que quitan las dudas y temores y agregan al acceso, recursos, y confianza en la salud reproductiva y sistemas de salud.<\/p>\n<\/div><\/div><\/div><\/div><\/div><div class=\"vc_col-sm-4 wpb_column vc_column_container img-col\"><div class=\"vc_column-inner\"><div class=\"wpb_wrapper\"><div class=\"w-image align_none\"><div class=\"w-image-h\"><img loading=\"lazy\" decoding=\"async\" width=\"1536\" height=\"2304\" src=\"https:\/\/www.owneverypiece.com\/wp-content\/uploads\/2021\/03\/Bri.jpg\" class=\"attachment-full size-full\" alt=\"\" srcset=\"https:\/\/www.owneverypiece.com\/wp-content\/uploads\/2021\/03\/Bri.jpg 1536w, https:\/\/www.owneverypiece.com\/wp-content\/uploads\/2021\/03\/Bri-200x300.jpg 200w, https:\/\/www.owneverypiece.com\/wp-content\/uploads\/2021\/03\/Bri-683x1024.jpg 683w\" sizes=\"auto, (max-width: 1536px) 100vw, 1536px\" \/><\/div><\/div>\n\t<div class=\"wpb_raw_code wpb_content_element wpb_raw_html team-socials-wrapper\" >\n\t\t<div class=\"wpb_wrapper\">\n\t\t\t<a href=\"https:\/\/www.linkedin.com\/in\/brilewis\/\" target=\"_blank\"><i class=\"fab fa-linkedin-in\"><\/i><\/a>\n\t\t<\/div>\n\t<\/div>\n<\/div><\/div><\/div><\/div><\/div><\/div><\/div><\/div><\/div><\/section>","protected":false},"excerpt":{"rendered":"Our Work Building a movement by women, for women. The Own Every Piece campaign has created opportunities for women to share their stories online and offline, and access honest information about birth control. Our work has improved the lives of women in Houston, creating a safe and judgment-free space for informed conversations that support the...","protected":false},"author":2,"featured_media":0,"parent":0,"menu_order":0,"comment_status":"closed","ping_status":"closed","template":"white-header.php","meta":{"footnotes":""},"class_list":["post-609","page","type-page","status-publish","hentry"],"yoast_head":"<!-- This site is optimized with the Yoast SEO plugin v20.2.1 - https:\/\/yoast.com\/wordpress\/plugins\/seo\/ -->\n<title>Our Work - Own Every Piece<\/title>\n<meta name=\"description\" content=\"Meet the team of women behind the information, birth control resources and girl talk. They\u2019re the women who empower, support and make sure you have what you need, when you need it.\" \/>\n<meta name=\"robots\" content=\"index, follow, max-snippet:-1, max-image-preview:large, max-video-preview:-1\" \/>\n<link rel=\"canonical\" href=\"https:\/\/www.owneverypiece.com\/es\/our-work\/\" \/>\n<meta property=\"og:locale\" content=\"es_MX\" \/>\n<meta property=\"og:type\" content=\"article\" \/>\n<meta property=\"og:title\" content=\"Our Work - Own Every Piece\" \/>\n<meta property=\"og:description\" content=\"Meet the team of women behind the information, birth control resources and girl talk. They\u2019re the women who empower, support and make sure you have what you need, when you need it.\" \/>\n<meta property=\"og:url\" content=\"https:\/\/www.owneverypiece.com\/es\/our-work\/\" \/>\n<meta property=\"og:site_name\" content=\"Own Every Piece\" \/>\n<meta property=\"article:modified_time\" content=\"2023-04-17T16:13:29+00:00\" \/>\n<meta property=\"og:image\" content=\"https:\/\/www.owneverypiece.com\/wp-content\/uploads\/2019\/04\/og-img-own-every-piece-social.jpg\" \/>\n\t<meta property=\"og:image:width\" content=\"1200\" \/>\n\t<meta property=\"og:image:height\" content=\"630\" \/>\n\t<meta property=\"og:image:type\" content=\"image\/jpeg\" \/>\n<meta name=\"twitter:card\" content=\"summary_large_image\" \/>\n<meta name=\"twitter:label1\" content=\"Tiempo de lectura\" \/>\n\t<meta name=\"twitter:data1\" content=\"4 minutos\" \/>\n<script type=\"application\/ld+json\" class=\"yoast-schema-graph\">{\"@context\":\"https:\/\/schema.org\",\"@graph\":[{\"@type\":\"WebPage\",\"@id\":\"https:\/\/www.owneverypiece.com\/our-work\/\",\"url\":\"https:\/\/www.owneverypiece.com\/our-work\/\",\"name\":\"Our Work - Own Every Piece\",\"isPartOf\":{\"@id\":\"https:\/\/www.owneverypiece.com\/#website\"},\"datePublished\":\"2021-02-14T04:43:37+00:00\",\"dateModified\":\"2023-04-17T16:13:29+00:00\",\"description\":\"Meet the team of women behind the information, birth control resources and girl talk. They\u2019re the women who empower, support and make sure you have what you need, when you need it.\",\"breadcrumb\":{\"@id\":\"https:\/\/www.owneverypiece.com\/our-work\/#breadcrumb\"},\"inLanguage\":\"es-MX\",\"potentialAction\":[{\"@type\":\"ReadAction\",\"target\":[\"https:\/\/www.owneverypiece.com\/our-work\/\"]}]},{\"@type\":\"BreadcrumbList\",\"@id\":\"https:\/\/www.owneverypiece.com\/our-work\/#breadcrumb\",\"itemListElement\":[{\"@type\":\"ListItem\",\"position\":1,\"name\":\"Home\",\"item\":\"https:\/\/www.owneverypiece.com\/\"},{\"@type\":\"ListItem\",\"position\":2,\"name\":\"Our Work\"}]},{\"@type\":\"WebSite\",\"@id\":\"https:\/\/www.owneverypiece.com\/#website\",\"url\":\"https:\/\/www.owneverypiece.com\/\",\"name\":\"Own Every Piece\",\"description\":\"\",\"potentialAction\":[{\"@type\":\"SearchAction\",\"target\":{\"@type\":\"EntryPoint\",\"urlTemplate\":\"https:\/\/www.owneverypiece.com\/?s={search_term_string}\"},\"query-input\":\"required name=search_term_string\"}],\"inLanguage\":\"es-MX\"}]}<\/script>\n<!-- \/ Yoast SEO plugin. -->","yoast_head_json":{"title":"Our Work - Own Every Piece","description":"Meet the team of women behind the information, birth control resources and girl talk. They\u2019re the women who empower, support and make sure you have what you need, when you need it.","robots":{"index":"index","follow":"follow","max-snippet":"max-snippet:-1","max-image-preview":"max-image-preview:large","max-video-preview":"max-video-preview:-1"},"canonical":"https:\/\/www.owneverypiece.com\/es\/our-work\/","og_locale":"es_MX","og_type":"article","og_title":"Our Work - Own Every Piece","og_description":"Meet the team of women behind the information, birth control resources and girl talk. They\u2019re the women who empower, support and make sure you have what you need, when you need it.","og_url":"https:\/\/www.owneverypiece.com\/es\/our-work\/","og_site_name":"Own Every Piece","article_modified_time":"2023-04-17T16:13:29+00:00","og_image":[{"width":1200,"height":630,"url":"https:\/\/www.owneverypiece.com\/wp-content\/uploads\/2019\/04\/og-img-own-every-piece-social.jpg","type":"image\/jpeg"}],"twitter_card":"summary_large_image","twitter_misc":{"Tiempo de lectura":"4 minutos"},"schema":{"@context":"https:\/\/schema.org","@graph":[{"@type":"WebPage","@id":"https:\/\/www.owneverypiece.com\/our-work\/","url":"https:\/\/www.owneverypiece.com\/our-work\/","name":"Our Work - Own Every Piece","isPartOf":{"@id":"https:\/\/www.owneverypiece.com\/#website"},"datePublished":"2021-02-14T04:43:37+00:00","dateModified":"2023-04-17T16:13:29+00:00","description":"Meet the team of women behind the information, birth control resources and girl talk. They\u2019re the women who empower, support and make sure you have what you need, when you need it.","breadcrumb":{"@id":"https:\/\/www.owneverypiece.com\/our-work\/#breadcrumb"},"inLanguage":"es-MX","potentialAction":[{"@type":"ReadAction","target":["https:\/\/www.owneverypiece.com\/our-work\/"]}]},{"@type":"BreadcrumbList","@id":"https:\/\/www.owneverypiece.com\/our-work\/#breadcrumb","itemListElement":[{"@type":"ListItem","position":1,"name":"Home","item":"https:\/\/www.owneverypiece.com\/"},{"@type":"ListItem","position":2,"name":"Our Work"}]},{"@type":"WebSite","@id":"https:\/\/www.owneverypiece.com\/#website","url":"https:\/\/www.owneverypiece.com\/","name":"Own Every Piece","description":"","potentialAction":[{"@type":"SearchAction","target":{"@type":"EntryPoint","urlTemplate":"https:\/\/www.owneverypiece.com\/?s={search_term_string}"},"query-input":"required name=search_term_string"}],"inLanguage":"es-MX"}]}},"_links":{"self":[{"href":"https:\/\/www.owneverypiece.com\/es\/wp-json\/wp\/v2\/pages\/609","targetHints":{"allow":["GET"]}}],"collection":[{"href":"https:\/\/www.owneverypiece.com\/es\/wp-json\/wp\/v2\/pages"}],"about":[{"href":"https:\/\/www.owneverypiece.com\/es\/wp-json\/wp\/v2\/types\/page"}],"author":[{"embeddable":true,"href":"https:\/\/www.owneverypiece.com\/es\/wp-json\/wp\/v2\/users\/2"}],"replies":[{"embeddable":true,"href":"https:\/\/www.owneverypiece.com\/es\/wp-json\/wp\/v2\/comments?post=609"}],"version-history":[{"count":0,"href":"https:\/\/www.owneverypiece.com\/es\/wp-json\/wp\/v2\/pages\/609\/revisions"}],"wp:attachment":[{"href":"https:\/\/www.owneverypiece.com\/es\/wp-json\/wp\/v2\/media?parent=609"}],"curies":[{"name":"wp","href":"https:\/\/api.w.org\/{rel}","templated":true}]}}