{"id":96,"date":"2019-03-31T04:44:57","date_gmt":"2019-03-31T04:44:57","guid":{"rendered":"http:\/\/www.owneverypiece.com\/?page_id=96"},"modified":"2020-02-11T18:19:04","modified_gmt":"2020-02-11T18:19:04","slug":"privacy-policy","status":"publish","type":"page","link":"https:\/\/www.owneverypiece.com\/es\/privacy-policy\/","title":{"rendered":"Pol\u00edtica de Privacidad"},"content":{"rendered":"<section class=\"l-section wpb_row height_medium\"><div class=\"l-section-h i-cf\"><div class=\"g-cols vc_row type_default valign_top\"><div class=\"vc_col-sm-12 wpb_column vc_column_container\"><div class=\"vc_column-inner\"><div class=\"wpb_wrapper\"><div class=\"wpb_text_column\" ><div class=\"wpb_wrapper\"><h1 class=\"xlg purple center\">Pol\u00edtica de Privacidad<\/h1>\n<\/div><\/div><div class=\"wpb_text_column\" ><div class=\"wpb_wrapper\"><p>\u201cOwn Every Piece\u201d (\u201cnosotros\u201d, o \u201cnuestro\u201d) opera el sitio web <a href=\"\/es\/\">https:\/\/owneverypiece.com<\/a> (el \u201cServicio\u201d).<\/p>\n<p>Esta p\u00e1gina le informa sobre nuestras pol\u00edticas en relaci\u00f3n con la recolecci\u00f3n, uso y divulgaci\u00f3n de la informaci\u00f3n personal cuando usted usa nuestro Servicio y sobre las elecciones que usted tiene en relaci\u00f3n con esa informaci\u00f3n.<\/p>\n<p>Usamos su informaci\u00f3n para otorgar y mejorar el Servicio. Al usar el Servicio, usted acuerda con la recolecci\u00f3n y uso de informaci\u00f3n en conformidad con esta pol\u00edtica. A menos que se defina lo contrario en esta Pol\u00edtica de Privacidad, los t\u00e9rminos usados en esta Pol\u00edtica de Privacidad tienen los mismos significados que en nuestros T\u00e9rminos y Condiciones, a los cuales se puede acceder en <a href=\"\/es\/\">https:\/\/owneverypiece.com<\/a>.<\/p>\n<\/div><\/div><div class=\"wpb_text_column\" ><div class=\"wpb_wrapper\"><h3 class=\"purple\">Recolecci\u00f3n y Uso de Informaci\u00f3n<\/h3>\n<p>Recolectamos varios diferentes tipos de informaci\u00f3n para varios prop\u00f3sitos con el fin de otorgar y mejorar nuestro Servicio para usted.<\/p>\n<p>Al usar nuestro Servicio, es posible que le pidamos que nos otorgue cierta informaci\u00f3n de identificaci\u00f3n personal que puede ser usada para contactarle directamente o para identificarle (\u201cInformaci\u00f3n Personal\u201d). Informaci\u00f3n de identificaci\u00f3n personal puede incluir, entre otras cosas:<\/p>\n<ul>\n<li>Correo electr\u00f3nico<\/li>\n<li>Primer nombre y apellido<\/li>\n<li>\u201cCookies\u201d y Uso de Datos<\/li>\n<\/ul>\n<p>Podemos tambi\u00e9n recolectar informaci\u00f3n sobre la forma en que se accede y se usa al Servicio (\u201cUso de Datos\u201d). Este Uso de Datos puede incluir informaci\u00f3n como la direcci\u00f3n de Protocolo de Internet de su computadora (es decir, la direcci\u00f3n IP), tipo de navegador, versi\u00f3n del navegador, p\u00e1ginas de nuestro Servicio que usted visit\u00f3, la hora y la fecha en que lo visit\u00f3, el tiempo que pas\u00f3 en esas p\u00e1ginas, los identificadores \u00fanicos del dispositivo, y otros datos de diagn\u00f3stico.<\/p>\n<\/div><\/div><div class=\"wpb_text_column\" ><div class=\"wpb_wrapper\"><h3 class=\"purple\">Seguimiento y \u201cCookies\u201d<\/h3>\n<p>Nosotros usamos \u201ccookies\u201d y tecnolog\u00edas de seguimiento similares para dar seguimiento a la actividad en nuestro Servicio y mantener alguna informaci\u00f3n.<\/p>\n<p>Las \u201ccookies\u201d son archivos con peque\u00f1as cantidades de datos que pueden incluir un identificador an\u00f3nimo \u00fanico. Las \u201ccookies\u201d se env\u00edan a su navegador desde un sitio web y se almacenan en su dispositivo. Las tecnolog\u00edas de seguimiento que tambi\u00e9n se usan son \u201cbeacons\u201d, etiquetas y \u201cscripts\u201d para recolectar y dar seguimiento a informaci\u00f3n y para mejorar y analizar nuestro Servicio.<\/p>\n<p>Usted puede indicar a su navegador que rechace todas las \u201ccookies\u201d o que le indique cuando se est\u00e9n enviando las \u201ccookies\u201d. Sin embargo, si usted no acepta las \u201ccookies\u201d, es posible que no pueda usar algunas porciones de nuestro Servicio.<\/p>\n<p>Los ejemplos de \u201ccookies\u201d que usamos son:<\/p>\n<ul>\n<li><strong>\u201cCookies\u201d de sesi\u00f3n.<\/strong> Utilizamos \u201ccookies\u201d de sesi\u00f3n para operar nuestro Servicio.<\/li>\n<li><strong>\u201cCookies\u201d de preferencia.<\/strong> Estamos usando \u201ccookies\u201d de preferencia para recordar sus preferencias y sus varias configuraciones.<\/li>\n<li><strong>\u201cCookies\u201d de seguridad.<\/strong> Usamos \u201ccookies\u201d de seguridad para prop\u00f3sitos de seguridad.<\/li>\n<\/ul>\n<\/div><\/div><div class=\"wpb_text_column\" ><div class=\"wpb_wrapper\"><h3 class=\"purple\">Uso de datos<\/h3>\n<p>\u201cOwn Every Piece\u201d usa los datos recolectados para varios prop\u00f3sitos:<\/p>\n<ul>\n<li>Para otorgar y mantener el Servicio<\/li>\n<li>Para notificar sobre los cambios en nuestro Servicio<\/li>\n<li>Para permitirle participar en funciones interactivas de nuestro Servicio cuando usted elija hacerlo<\/li>\n<li>Para otorgar atenci\u00f3n y soporte a clientes<\/li>\n<li>Para ofrecer an\u00e1lisis o informaci\u00f3n de valor para que podamos mejorar nuestro Servicio<\/li>\n<li>Para monitorizar el uso del Servicio<\/li>\n<li>Para detectar y atender problemas t\u00e9cnicos<\/li>\n<\/ul>\n<p>Su informaci\u00f3n, lo que incluye Datos Personales, puede transferirse a (y mantenerse en) computadoras localizadas fuera de su estado, provincia, pa\u00eds u otra jurisdicci\u00f3n gubernamental donde las leyes de protecci\u00f3n de datos pueden ser diferentes a aquellas en su jurisdicci\u00f3n.<\/p>\n<p>Si usted est\u00e1 fuera de Estados Unidos y debe otorgarnos informaci\u00f3n, por favor, tome en cuenta que transferimos datos, lo que incluye Datos Personales, a los Estados Unidos y los procesamos ah\u00ed.<\/p>\n<p>Su autorizaci\u00f3n a esta Pol\u00edtica de Privacidad seguida de la entrega de dicha informaci\u00f3n representa su acuerdo a dicha transferencia.<\/p>\n<p>\u201cOwn Every Piece\u201d tomar\u00e1 las medidas razonablemente necesarias para asegurar que su informaci\u00f3n sea tratada de forma segura y en conformidad con esta Pol\u00edtica de Privacidad y no ocurrir\u00e1 una transferencia de sus Datos Personales hacia una organizaci\u00f3n o pa\u00eds a menos que est\u00e9n establecidos los controles adecuados, lo que incluye la seguridad de sus datos y de otra informaci\u00f3n personal.<\/p>\n<p>\u201cOwn Every Piece\u201d puede divulgar su Informaci\u00f3n Personal con la creencia de buena fe de que dicha acci\u00f3n es necesaria para:<\/p>\n<ul>\n<li>Cumplir con una obligaci\u00f3n legal<\/li>\n<li>Proteger y defender los derechos de propiedad de \u201cOwn Every Piece\u201d<\/li>\n<li>Prevenir o investigar actos indebidos con relaci\u00f3n al Servicio<\/li>\n<li>Proteger la seguridad personal de los usuarios del Servicio o del p\u00fablico<\/li>\n<li>Proteger en contra de responsabilidad legal.<\/li>\n<\/ul>\n<p>La seguridad de sus datos es importante para nosotros, pero recuerde que no hay un m\u00e9todo de transmisi\u00f3n en el internet o un m\u00e9todo de almacenamiento electr\u00f3nico que sea 100 % seguro. Aunque nos esforzamos en usar medios comercialmente aceptables para proteger sus Datos Personales, no podemos garantizar su completa seguridad.<\/p>\n<p>Es posible que usemos compa\u00f1\u00edas o individuos independientes para facilitar nuestro Servicio (\u201cProveedores de Servicios\u201d), para otorgar el Servicio a nombre nuestro, para realizar servicios relacionados con el Servicio o par que nos asistan en el an\u00e1lisis sobre la forma en que se usa nuestro Servicio.<\/p>\n<p>Estas compa\u00f1\u00edas o individuos independientes tienen acceso a sus Datos Personales solo para realizar estas tareas a nuestro nombre y est\u00e1n obligados a no divulgarlos ni usarlos para cualquier otro prop\u00f3sito.<\/p>\n<\/div><\/div><div class=\"wpb_text_column\" ><div class=\"wpb_wrapper\"><h3 class=\"purple\">Anal\u00edtica<\/h3>\n<p>Podr\u00edamos usar Proveedor de Servicios independientes para monitorizar y analizar el uso de nuestro Servicio.<\/p>\n<ul>\n<li><strong>Google Analytics<\/strong>Google Analytics is a web analytics service offered by Google that tracks and reports website traffic. Google uses the data collected to track and monitor the use of our Service. This data is shared with other Google services. Google may use the collected data to contextualize and personalize the ads of its own advertising network.You can opt-out of having made your activity on the Service available to Google Analytics by installing the Google Analytics opt-out browser add-on. The add-on prevents the Google Analytics JavaScript (ga.js, analytics.js, and dc.js) from sharing information with Google Analytics about visits activity.For more information on the privacy practices of Google, please visit the Google Privacy &amp; Terms web page: <a href=\"https:\/\/policies.google.com\/privacy?hl=en\">https:\/\/policies.google.com\/privacy?hl=en<\/a><\/li>\n<\/ul>\n<\/div><\/div><div class=\"wpb_text_column\" ><div class=\"wpb_wrapper\"><h3 class=\"purple\">Cambios a esta Pol\u00edtica de Privacidad<\/h3>\n<p>Podr\u00edamos actualizar nuestra Pol\u00edtica de Privacidad de vez en cuando. Le notificaremos sobre cualquier cambio publicando la nueva Pol\u00edtica de Privacidad en esta p\u00e1gina.<\/p>\n<p>Le dejaremos saber v\u00eda correo electr\u00f3nico y\/o con un aviso prominente en nuestro Servicio antes de que el cambio entre en vigor y actualizaremos la \u201cfecha de entrada en vigor\u201d en la parte superior de esta Pol\u00edtica de Privacidad.<\/p>\n<p>Se le recomienda que revise esta Pol\u00edtica de Privacidad peri\u00f3dicamente para verificar si hay cambios. Los cambios a esta Pol\u00edtica de Privacidad entran en vigor cuando se publican en esta p\u00e1gina.<\/p>\n<\/div><\/div><div class=\"wpb_text_column\" ><div class=\"wpb_wrapper\"><h3 class=\"purple\">\u00bfTiene m\u00e1s preguntas?<\/h3>\n<p>Si tiene preguntas sobre esta Pol\u00edtica de Privacidad, por favor, cont\u00e1ctenos v\u00eda correo electr\u00f3nico: <a href=\"mailto:owneverypiece@gmail.com\">owneverypiece@gmail.com<\/a><\/p>\n<\/div><\/div><\/div><\/div><\/div><\/div><\/div><\/section>","protected":false},"excerpt":{"rendered":"Privacy Policy Own Every Piece (&#8220;us&#8221;, &#8220;we&#8221;, or &#8220;our&#8221;) operates the https:\/\/owneverypiece.com website (the &#8220;Service&#8221;). This page informs you of our policies regarding the collection, use, and disclosure of personal data when you use our Service and the choices you have associated with that data. We use your data to provide and improve the Service....","protected":false},"author":2,"featured_media":0,"parent":0,"menu_order":0,"comment_status":"closed","ping_status":"closed","template":"","meta":{"footnotes":""},"class_list":["post-96","page","type-page","status-publish","hentry"],"yoast_head":"<!-- This site is optimized with the Yoast SEO plugin v20.2.1 - https:\/\/yoast.com\/wordpress\/plugins\/seo\/ -->\n<title>Privacy Policy - Own Every Piece<\/title>\n<meta name=\"description\" content=\"We use your data to provide and improve the Service. By using the Service, you agree to the collection and use of information in accordance with this policy.\" \/>\n<meta name=\"robots\" content=\"index, follow, max-snippet:-1, max-image-preview:large, max-video-preview:-1\" \/>\n<link rel=\"canonical\" href=\"https:\/\/www.owneverypiece.com\/es\/privacy-policy\/\" \/>\n<meta property=\"og:locale\" content=\"es_MX\" \/>\n<meta property=\"og:type\" content=\"article\" \/>\n<meta property=\"og:title\" content=\"Privacy Policy - Own Every Piece\" \/>\n<meta property=\"og:description\" content=\"We use your data to provide and improve the Service. By using the Service, you agree to the collection and use of information in accordance with this policy.\" \/>\n<meta property=\"og:url\" content=\"https:\/\/www.owneverypiece.com\/es\/privacy-policy\/\" \/>\n<meta property=\"og:site_name\" content=\"Own Every Piece\" \/>\n<meta property=\"article:modified_time\" content=\"2020-02-11T18:19:04+00:00\" \/>\n<meta property=\"og:image\" content=\"https:\/\/www.owneverypiece.com\/wp-content\/uploads\/2019\/04\/og-img-own-every-piece-social.jpg\" \/>\n\t<meta property=\"og:image:width\" content=\"1200\" \/>\n\t<meta property=\"og:image:height\" content=\"630\" \/>\n\t<meta property=\"og:image:type\" content=\"image\/jpeg\" \/>\n<meta name=\"twitter:card\" content=\"summary_large_image\" \/>\n<meta name=\"twitter:label1\" content=\"Tiempo de lectura\" \/>\n\t<meta name=\"twitter:data1\" content=\"5 minutos\" \/>\n<script type=\"application\/ld+json\" class=\"yoast-schema-graph\">{\"@context\":\"https:\/\/schema.org\",\"@graph\":[{\"@type\":\"WebPage\",\"@id\":\"https:\/\/www.owneverypiece.com\/es\/privacy-policy\/\",\"url\":\"https:\/\/www.owneverypiece.com\/es\/privacy-policy\/\",\"name\":\"Privacy Policy - Own Every Piece\",\"isPartOf\":{\"@id\":\"https:\/\/www.owneverypiece.com\/#website\"},\"datePublished\":\"2019-03-31T04:44:57+00:00\",\"dateModified\":\"2020-02-11T18:19:04+00:00\",\"description\":\"We use your data to provide and improve the Service. By using the Service, you agree to the collection and use of information in accordance with this policy.\",\"breadcrumb\":{\"@id\":\"https:\/\/www.owneverypiece.com\/es\/privacy-policy\/#breadcrumb\"},\"inLanguage\":\"es-MX\",\"potentialAction\":[{\"@type\":\"ReadAction\",\"target\":[\"https:\/\/www.owneverypiece.com\/es\/privacy-policy\/\"]}]},{\"@type\":\"BreadcrumbList\",\"@id\":\"https:\/\/www.owneverypiece.com\/es\/privacy-policy\/#breadcrumb\",\"itemListElement\":[{\"@type\":\"ListItem\",\"position\":1,\"name\":\"Home\",\"item\":\"https:\/\/www.owneverypiece.com\/\"},{\"@type\":\"ListItem\",\"position\":2,\"name\":\"Privacy Policy\"}]},{\"@type\":\"WebSite\",\"@id\":\"https:\/\/www.owneverypiece.com\/#website\",\"url\":\"https:\/\/www.owneverypiece.com\/\",\"name\":\"Own Every Piece\",\"description\":\"\",\"potentialAction\":[{\"@type\":\"SearchAction\",\"target\":{\"@type\":\"EntryPoint\",\"urlTemplate\":\"https:\/\/www.owneverypiece.com\/?s={search_term_string}\"},\"query-input\":\"required name=search_term_string\"}],\"inLanguage\":\"es-MX\"}]}<\/script>\n<!-- \/ Yoast SEO plugin. -->","yoast_head_json":{"title":"Privacy Policy - Own Every Piece","description":"We use your data to provide and improve the Service. By using the Service, you agree to the collection and use of information in accordance with this policy.","robots":{"index":"index","follow":"follow","max-snippet":"max-snippet:-1","max-image-preview":"max-image-preview:large","max-video-preview":"max-video-preview:-1"},"canonical":"https:\/\/www.owneverypiece.com\/es\/privacy-policy\/","og_locale":"es_MX","og_type":"article","og_title":"Privacy Policy - Own Every Piece","og_description":"We use your data to provide and improve the Service. By using the Service, you agree to the collection and use of information in accordance with this policy.","og_url":"https:\/\/www.owneverypiece.com\/es\/privacy-policy\/","og_site_name":"Own Every Piece","article_modified_time":"2020-02-11T18:19:04+00:00","og_image":[{"width":1200,"height":630,"url":"https:\/\/www.owneverypiece.com\/wp-content\/uploads\/2019\/04\/og-img-own-every-piece-social.jpg","type":"image\/jpeg"}],"twitter_card":"summary_large_image","twitter_misc":{"Tiempo de lectura":"5 minutos"},"schema":{"@context":"https:\/\/schema.org","@graph":[{"@type":"WebPage","@id":"https:\/\/www.owneverypiece.com\/es\/privacy-policy\/","url":"https:\/\/www.owneverypiece.com\/es\/privacy-policy\/","name":"Privacy Policy - Own Every Piece","isPartOf":{"@id":"https:\/\/www.owneverypiece.com\/#website"},"datePublished":"2019-03-31T04:44:57+00:00","dateModified":"2020-02-11T18:19:04+00:00","description":"We use your data to provide and improve the Service. By using the Service, you agree to the collection and use of information in accordance with this policy.","breadcrumb":{"@id":"https:\/\/www.owneverypiece.com\/es\/privacy-policy\/#breadcrumb"},"inLanguage":"es-MX","potentialAction":[{"@type":"ReadAction","target":["https:\/\/www.owneverypiece.com\/es\/privacy-policy\/"]}]},{"@type":"BreadcrumbList","@id":"https:\/\/www.owneverypiece.com\/es\/privacy-policy\/#breadcrumb","itemListElement":[{"@type":"ListItem","position":1,"name":"Home","item":"https:\/\/www.owneverypiece.com\/"},{"@type":"ListItem","position":2,"name":"Privacy Policy"}]},{"@type":"WebSite","@id":"https:\/\/www.owneverypiece.com\/#website","url":"https:\/\/www.owneverypiece.com\/","name":"Own Every Piece","description":"","potentialAction":[{"@type":"SearchAction","target":{"@type":"EntryPoint","urlTemplate":"https:\/\/www.owneverypiece.com\/?s={search_term_string}"},"query-input":"required name=search_term_string"}],"inLanguage":"es-MX"}]}},"_links":{"self":[{"href":"https:\/\/www.owneverypiece.com\/es\/wp-json\/wp\/v2\/pages\/96","targetHints":{"allow":["GET"]}}],"collection":[{"href":"https:\/\/www.owneverypiece.com\/es\/wp-json\/wp\/v2\/pages"}],"about":[{"href":"https:\/\/www.owneverypiece.com\/es\/wp-json\/wp\/v2\/types\/page"}],"author":[{"embeddable":true,"href":"https:\/\/www.owneverypiece.com\/es\/wp-json\/wp\/v2\/users\/2"}],"replies":[{"embeddable":true,"href":"https:\/\/www.owneverypiece.com\/es\/wp-json\/wp\/v2\/comments?post=96"}],"version-history":[{"count":0,"href":"https:\/\/www.owneverypiece.com\/es\/wp-json\/wp\/v2\/pages\/96\/revisions"}],"wp:attachment":[{"href":"https:\/\/www.owneverypiece.com\/es\/wp-json\/wp\/v2\/media?parent=96"}],"curies":[{"name":"wp","href":"https:\/\/api.w.org\/{rel}","templated":true}]}}